{"id":16,"date":"2022-11-09T20:49:43","date_gmt":"2022-11-09T19:49:43","guid":{"rendered":"https:\/\/smart-conciergerie.fr\/?page_id=16"},"modified":"2025-10-01T16:39:06","modified_gmt":"2025-10-01T14:39:06","slug":"meubler-votre-logement","status":"publish","type":"page","link":"https:\/\/smart-conciergerie.fr\/index.php\/meubler-votre-logement\/","title":{"rendered":"Meubler votre logement"},"content":{"rendered":"\t\t<div data-elementor-type=\"wp-page\" data-elementor-id=\"16\" class=\"elementor elementor-16\">\n\t\t\t\t\t\t<section class=\"elementor-section elementor-top-section elementor-element elementor-element-503973ab elementor-section-full_width elementor-section-height-full elementor-section-height-default elementor-section-items-middle\" data-id=\"503973ab\" data-element_type=\"section\" data-e-type=\"section\" data-settings=\"{&quot;background_background&quot;:&quot;classic&quot;,&quot;animation&quot;:&quot;none&quot;}\">\n\t\t\t\t\t\t\t<div class=\"elementor-background-overlay\"><\/div>\n\t\t\t\t\t\t\t<div class=\"elementor-container elementor-column-gap-default\">\n\t\t\t\t\t<div class=\"elementor-column elementor-col-100 elementor-top-column elementor-element elementor-element-5a4f924d elementor-invisible\" data-id=\"5a4f924d\" data-element_type=\"column\" data-e-type=\"column\" data-settings=\"{&quot;animation&quot;:&quot;fadeInUp&quot;}\">\n\t\t\t<div class=\"elementor-widget-wrap elementor-element-populated\">\n\t\t\t\t\t\t<div class=\"elementor-element elementor-element-6d4377ef elementor-widget elementor-widget-heading\" data-id=\"6d4377ef\" data-element_type=\"widget\" data-e-type=\"widget\" data-settings=\"{&quot;_animation&quot;:&quot;none&quot;}\" data-widget_type=\"heading.default\">\n\t\t\t\t<div class=\"elementor-widget-container\">\n\t\t\t\t\t<h1 class=\"elementor-heading-title elementor-size-default\">Cl\u00e9 en main &amp; Ameublement<\/h1>\t\t\t\t<\/div>\n\t\t\t\t<\/div>\n\t\t\t\t\t<\/div>\n\t\t<\/div>\n\t\t\t\t\t<\/div>\n\t\t<\/section>\n\t\t\t\t<section class=\"elementor-section elementor-top-section elementor-element elementor-element-3b107540 elementor-section-boxed elementor-section-height-default elementor-section-height-default\" data-id=\"3b107540\" data-element_type=\"section\" data-e-type=\"section\">\n\t\t\t\t\t\t<div class=\"elementor-container elementor-column-gap-default\">\n\t\t\t\t\t<div class=\"elementor-column elementor-col-100 elementor-top-column elementor-element elementor-element-725569a0\" data-id=\"725569a0\" data-element_type=\"column\" data-e-type=\"column\">\n\t\t\t<div class=\"elementor-widget-wrap elementor-element-populated\">\n\t\t\t\t\t\t<div class=\"elementor-element elementor-element-229f976a elementor-widget elementor-widget-text-editor\" data-id=\"229f976a\" data-element_type=\"widget\" data-e-type=\"widget\" data-widget_type=\"text-editor.default\">\n\t\t\t\t<div class=\"elementor-widget-container\">\n\t\t\t\t\t\t\t\t\t<p><span style=\"font-weight: 400;\">Chez <\/span><b>Smart Conciergerie<\/b><span style=\"font-weight: 400;\">, nous allons bien au-del\u00e0 de la simple gestion locative : nous vous accompagnons de <\/span><b>l\u2019investissement jusqu\u2019\u00e0 la mise en location<\/b><span style=\"font-weight: 400;\">, pour que votre projet soit rentable, durable et totalement cl\u00e9 en main.<br \/><\/span><span style=\"font-weight: 400;\">Gr\u00e2ce \u00e0 notre <\/span><b>r\u00e9seau de chasseurs immobiliers<\/b><span style=\"font-weight: 400;\">, nous d\u00e9nichons pour vous les <\/span><b>meilleures opportunit\u00e9s off-market<\/b><span style=\"font-weight: 400;\"> (hors march\u00e9), souvent inaccessibles au grand public. Nous vous aidons \u00e0 <\/span><b>n\u00e9gocier au meilleur prix<\/b><span style=\"font-weight: 400;\"> et \u00e0 monter un <\/span><b>dossier de financement solide<\/b><span style=\"font-weight: 400;\"> aupr\u00e8s des banques pour maximiser vos chances de r\u00e9ussite.<\/span><\/p><p><span style=\"font-weight: 400;\">Une fois le bien acquis, notre \u00e9quipe prend le relais pour :<\/span><\/p><ul><li style=\"font-weight: 400;\" aria-level=\"1\"><b>G\u00e9rer vos travaux<\/b><span style=\"font-weight: 400;\"> (r\u00e9novation, optimisation des espaces, mises aux normes),<\/span><\/li><li style=\"font-weight: 400;\" aria-level=\"1\"><b>Superviser l\u2019ameublement<\/b><span style=\"font-weight: 400;\"> avec des \u00e9quipements fonctionnels et durables,<\/span><\/li><li style=\"font-weight: 400;\" aria-level=\"1\"><b>Orchestrer la d\u00e9coration<\/b><span style=\"font-weight: 400;\"> afin de cr\u00e9er un logement attractif qui s\u00e9duit vos futurs voyageurs et g\u00e9n\u00e8re plus de r\u00e9servations.<\/span><span style=\"font-weight: 400;\"><br \/><\/span><\/li><\/ul><p>L\u2019objectif est simple : vous permettre de devenir propri\u00e9taire d\u2019un bien <b style=\"font-style: inherit;\">rentable et pr\u00eat \u00e0 louer imm\u00e9diatement<\/b><span style=\"font-weight: 400;\">, sans avoir \u00e0 g\u00e9rer les contraintes de temps, de suivi ou de coordination. <\/span><span style=\"font-weight: 400;\">Avec notre approche cl\u00e9 en main, vous profitez d\u2019un <\/span><b>accompagnement global<\/b><span style=\"font-weight: 400;\">, de la recherche du bien jusqu\u2019\u00e0 l\u2019accueil des premiers voyageurs.<br \/><\/span><span style=\"font-weight: 400;\">Quelque soit votre parcours, dites-nous o\u00f9 vous en \u00eates dans votre projet et nous saurons vous aiguiller au mieux.<\/span><\/p>\t\t\t\t\t\t\t\t<\/div>\n\t\t\t\t<\/div>\n\t\t\t\t\t<\/div>\n\t\t<\/div>\n\t\t\t\t\t<\/div>\n\t\t<\/section>\n\t\t\t\t<\/div>\n\t\t","protected":false},"excerpt":{"rendered":"<p>Cl\u00e9 en main &amp; Ameublement Chez Smart Conciergerie, nous allons bien au-del\u00e0 de la simple gestion locative : nous vous accompagnons de l\u2019investissement jusqu\u2019\u00e0 la mise en location, pour que votre projet soit rentable, durable et totalement cl\u00e9 en main.Gr\u00e2ce \u00e0 notre r\u00e9seau de chasseurs immobiliers, nous d\u00e9nichons pour vous les meilleures opportunit\u00e9s off-market (hors [&hellip;]<\/p>\n","protected":false},"author":1,"featured_media":0,"parent":0,"menu_order":0,"comment_status":"closed","ping_status":"closed","template":"","meta":{"site-sidebar-layout":"no-sidebar","site-content-layout":"page-builder","ast-site-content-layout":"default","site-content-style":"default","site-sidebar-style":"default","ast-global-header-display":"","ast-banner-title-visibility":"","ast-main-header-display":"","ast-hfb-above-header-display":"","ast-hfb-below-header-display":"","ast-hfb-mobile-header-display":"","site-post-title":"disabled","ast-breadcrumbs-content":"","ast-featured-img":"disabled","footer-sml-layout":"","ast-disable-related-posts":"","theme-transparent-header-meta":"","adv-header-id-meta":"","stick-header-meta":"","header-above-stick-meta":"","header-main-stick-meta":"","header-below-stick-meta":"","astra-migrate-meta-layouts":"default","ast-page-background-enabled":"default","ast-page-background-meta":{"desktop":{"background-color":"var(--ast-global-color-4)","background-image":"","background-repeat":"repeat","background-position":"center center","background-size":"auto","background-attachment":"scroll","background-type":"","background-media":"","overlay-type":"","overlay-color":"","overlay-opacity":"","overlay-gradient":""},"tablet":{"background-color":"","background-image":"","background-repeat":"repeat","background-position":"center center","background-size":"auto","background-attachment":"scroll","background-type":"","background-media":"","overlay-type":"","overlay-color":"","overlay-opacity":"","overlay-gradient":""},"mobile":{"background-color":"","background-image":"","background-repeat":"repeat","background-position":"center center","background-size":"auto","background-attachment":"scroll","background-type":"","background-media":"","overlay-type":"","overlay-color":"","overlay-opacity":"","overlay-gradient":""}},"ast-content-background-meta":{"desktop":{"background-color":"var(--ast-global-color-5)","background-image":"","background-repeat":"repeat","background-position":"center center","background-size":"auto","background-attachment":"scroll","background-type":"","background-media":"","overlay-type":"","overlay-color":"","overlay-opacity":"","overlay-gradient":""},"tablet":{"background-color":"var(--ast-global-color-5)","background-image":"","background-repeat":"repeat","background-position":"center center","background-size":"auto","background-attachment":"scroll","background-type":"","background-media":"","overlay-type":"","overlay-color":"","overlay-opacity":"","overlay-gradient":""},"mobile":{"background-color":"var(--ast-global-color-5)","background-image":"","background-repeat":"repeat","background-position":"center center","background-size":"auto","background-attachment":"scroll","background-type":"","background-media":"","overlay-type":"","overlay-color":"","overlay-opacity":"","overlay-gradient":""}},"_glsr_average":0,"_glsr_ranking":0,"_glsr_reviews":0,"footnotes":""},"class_list":["post-16","page","type-page","status-publish","hentry"],"_links":{"self":[{"href":"https:\/\/smart-conciergerie.fr\/index.php\/wp-json\/wp\/v2\/pages\/16","targetHints":{"allow":["GET"]}}],"collection":[{"href":"https:\/\/smart-conciergerie.fr\/index.php\/wp-json\/wp\/v2\/pages"}],"about":[{"href":"https:\/\/smart-conciergerie.fr\/index.php\/wp-json\/wp\/v2\/types\/page"}],"author":[{"embeddable":true,"href":"https:\/\/smart-conciergerie.fr\/index.php\/wp-json\/wp\/v2\/users\/1"}],"replies":[{"embeddable":true,"href":"https:\/\/smart-conciergerie.fr\/index.php\/wp-json\/wp\/v2\/comments?post=16"}],"version-history":[{"count":64,"href":"https:\/\/smart-conciergerie.fr\/index.php\/wp-json\/wp\/v2\/pages\/16\/revisions"}],"predecessor-version":[{"id":183483,"href":"https:\/\/smart-conciergerie.fr\/index.php\/wp-json\/wp\/v2\/pages\/16\/revisions\/183483"}],"wp:attachment":[{"href":"https:\/\/smart-conciergerie.fr\/index.php\/wp-json\/wp\/v2\/media?parent=16"}],"curies":[{"name":"wp","href":"https:\/\/api.w.org\/{rel}","templated":true}]}}