{"id":183150,"date":"2025-05-12T06:11:34","date_gmt":"2025-05-12T04:11:34","guid":{"rendered":"https:\/\/smart-conciergerie.fr\/?page_id=183150"},"modified":"2025-05-12T07:00:56","modified_gmt":"2025-05-12T05:00:56","slug":"blog","status":"publish","type":"page","link":"https:\/\/smart-conciergerie.fr\/index.php\/blog\/","title":{"rendered":"Blog"},"content":{"rendered":"\t\t<div data-elementor-type=\"wp-page\" data-elementor-id=\"183150\" class=\"elementor elementor-183150\">\n\t\t\t\t\t\t<section class=\"elementor-section elementor-top-section elementor-element elementor-element-08d433c elementor-section-boxed elementor-section-height-default elementor-section-height-default\" data-id=\"08d433c\" data-element_type=\"section\" data-e-type=\"section\">\n\t\t\t\t\t\t<div class=\"elementor-container elementor-column-gap-default\">\n\t\t\t\t\t<div class=\"elementor-column elementor-col-100 elementor-top-column elementor-element elementor-element-b2644ac\" data-id=\"b2644ac\" data-element_type=\"column\" data-e-type=\"column\">\n\t\t\t<div class=\"elementor-widget-wrap elementor-element-populated\">\n\t\t\t\t\t\t<div class=\"elementor-element elementor-element-50860cb elementor-grid-eael-col-2 elementor-grid-tablet-eael-col-2 elementor-grid-mobile-eael-col-1 elementor-widget elementor-widget-eael-post-grid\" data-id=\"50860cb\" data-element_type=\"widget\" data-e-type=\"widget\" data-settings=\"{&quot;eael_post_grid_columns&quot;:&quot;eael-col-2&quot;,&quot;eael_post_grid_columns_tablet&quot;:&quot;eael-col-2&quot;,&quot;eael_post_grid_columns_mobile&quot;:&quot;eael-col-1&quot;}\" data-widget_type=\"eael-post-grid.default\">\n\t\t\t\t<div class=\"elementor-widget-container\">\n\t\t\t\t\t<div id=\"eael-post-grid-50860cb\" class=\"eael-post-grid-container\">\n            <div class=\"eael-post-grid eael-post-appender eael-post-appender-50860cb eael-post-grid-style-one\" data-layout-mode=\"grid\"><article class=\"eael-grid-post  eael-post-grid-column eael-pg-post-183162 category-non-classe\" data-id=\"183162\">\n        <div class=\"eael-grid-post-holder\">\n            <div class=\"eael-grid-post-holder-inner\"><div class=\"eael-entry-wrapper\"><header class=\"eael-entry-header\"><h2 class=\"eael-entry-title\"><a class=\"eael-grid-post-link\" href=\"https:\/\/smart-conciergerie.fr\/index.php\/2025\/05\/12\/ce-que-chaque-proprietaire-doit-absolument-comprendre-pour-ne-pas-perdre-dargent-sur-airbnb\/\" title=\"Ce que chaque propri\u00e9taire doit absolument comprendre pour ne pas perdre d\u2019argent sur Airbnb\">Ce que chaque propri\u00e9taire doit absolument comprendre pour ne pas perdre d\u2019argent sur Airbnb<\/a><\/h2><\/header><div class=\"eael-entry-content\">\n                        <div class=\"eael-grid-post-excerpt\"><p>La location courte dur\u00e9e est un excellent levier de rentabilit\u00e9\u2026 \u00e0 condition de bien comprendre ce que vous touchez r\u00e9ellement. Beaucoup de propri\u00e9taires pensent encaisser 100 % de leurs revenus,...<\/p><a href=\"https:\/\/smart-conciergerie.fr\/index.php\/2025\/05\/12\/ce-que-chaque-proprietaire-doit-absolument-comprendre-pour-ne-pas-perdre-dargent-sur-airbnb\/\" class=\"eael-post-elements-readmore-btn\">Lire l'article<\/a><\/div>\n                    <\/div><div class=\"eael-entry-footer\"><div class=\"eael-author-avatar\"><a href=\"https:\/\/smart-conciergerie.fr\/index.php\/author\/admin6543\/\"><img alt='admin6543' src='https:\/\/smart-conciergerie.fr\/wp-content\/plugins\/estatik\/public\/img\/avatar.svg' class='avatar avatar-96' width='96' height='96'\/><\/a><\/div><div class=\"eael-entry-meta\"><span class=\"eael-posted-on\"><time datetime=\"12 mai 2025\">12 mai 2025<\/time><\/span><\/div><\/div><\/div><\/div>\n        <\/div>\n    <\/article><\/div>\n            <div class=\"clearfix\"><\/div>\n        <\/div>\t\t\t\t<\/div>\n\t\t\t\t<\/div>\n\t\t\t\t\t<\/div>\n\t\t<\/div>\n\t\t\t\t\t<\/div>\n\t\t<\/section>\n\t\t\t\t<section class=\"elementor-section elementor-top-section elementor-element elementor-element-1ec4664 elementor-section-boxed elementor-section-height-default elementor-section-height-default\" data-id=\"1ec4664\" data-element_type=\"section\" data-e-type=\"section\">\n\t\t\t\t\t\t<div class=\"elementor-container elementor-column-gap-default\">\n\t\t\t\t\t<div class=\"elementor-column elementor-col-100 elementor-top-column elementor-element elementor-element-d7b28bf\" data-id=\"d7b28bf\" data-element_type=\"column\" data-e-type=\"column\">\n\t\t\t<div class=\"elementor-widget-wrap elementor-element-populated\">\n\t\t\t\t\t\t<section class=\"elementor-section elementor-inner-section elementor-element elementor-element-30dec8f elementor-section-boxed elementor-section-height-default elementor-section-height-default\" data-id=\"30dec8f\" data-element_type=\"section\" data-e-type=\"section\">\n\t\t\t\t\t\t<div class=\"elementor-container elementor-column-gap-default\">\n\t\t\t\t\t<div class=\"elementor-column elementor-col-100 elementor-inner-column elementor-element elementor-element-3019938\" data-id=\"3019938\" data-element_type=\"column\" data-e-type=\"column\">\n\t\t\t<div class=\"elementor-widget-wrap\">\n\t\t\t\t\t\t\t<\/div>\n\t\t<\/div>\n\t\t\t\t\t<\/div>\n\t\t<\/section>\n\t\t\t\t\t<\/div>\n\t\t<\/div>\n\t\t\t\t\t<\/div>\n\t\t<\/section>\n\t\t\t\t<\/div>\n\t\t","protected":false},"excerpt":{"rendered":"<p>Ce que chaque propri\u00e9taire doit absolument comprendre pour ne pas perdre d\u2019argent sur Airbnb La location courte dur\u00e9e est un excellent levier de rentabilit\u00e9\u2026 \u00e0 condition de bien comprendre ce que vous touchez r\u00e9ellement. Beaucoup de propri\u00e9taires pensent encaisser 100 % de leurs revenus,&#8230; Lire l&rsquo;article 12 mai 2025 Bonjour tout le monde\u00a0! Bienvenue sur [&hellip;]<\/p>\n","protected":false},"author":1,"featured_media":0,"parent":0,"menu_order":0,"comment_status":"closed","ping_status":"closed","template":"","meta":{"site-sidebar-layout":"no-sidebar","site-content-layout":"page-builder","ast-site-content-layout":"full-width-container","site-content-style":"default","site-sidebar-style":"default","ast-global-header-display":"","ast-banner-title-visibility":"","ast-main-header-display":"","ast-hfb-above-header-display":"","ast-hfb-below-header-display":"","ast-hfb-mobile-header-display":"","site-post-title":"disabled","ast-breadcrumbs-content":"","ast-featured-img":"disabled","footer-sml-layout":"","ast-disable-related-posts":"","theme-transparent-header-meta":"","adv-header-id-meta":"","stick-header-meta":"","header-above-stick-meta":"","header-main-stick-meta":"","header-below-stick-meta":"","astra-migrate-meta-layouts":"set","ast-page-background-enabled":"default","ast-page-background-meta":{"desktop":{"background-color":"var(--ast-global-color-4)","background-image":"","background-repeat":"repeat","background-position":"center center","background-size":"auto","background-attachment":"scroll","background-type":"","background-media":"","overlay-type":"","overlay-color":"","overlay-opacity":"","overlay-gradient":""},"tablet":{"background-color":"","background-image":"","background-repeat":"repeat","background-position":"center center","background-size":"auto","background-attachment":"scroll","background-type":"","background-media":"","overlay-type":"","overlay-color":"","overlay-opacity":"","overlay-gradient":""},"mobile":{"background-color":"","background-image":"","background-repeat":"repeat","background-position":"center center","background-size":"auto","background-attachment":"scroll","background-type":"","background-media":"","overlay-type":"","overlay-color":"","overlay-opacity":"","overlay-gradient":""}},"ast-content-background-meta":{"desktop":{"background-color":"var(--ast-global-color-5)","background-image":"","background-repeat":"repeat","background-position":"center center","background-size":"auto","background-attachment":"scroll","background-type":"","background-media":"","overlay-type":"","overlay-color":"","overlay-opacity":"","overlay-gradient":""},"tablet":{"background-color":"var(--ast-global-color-5)","background-image":"","background-repeat":"repeat","background-position":"center center","background-size":"auto","background-attachment":"scroll","background-type":"","background-media":"","overlay-type":"","overlay-color":"","overlay-opacity":"","overlay-gradient":""},"mobile":{"background-color":"var(--ast-global-color-5)","background-image":"","background-repeat":"repeat","background-position":"center center","background-size":"auto","background-attachment":"scroll","background-type":"","background-media":"","overlay-type":"","overlay-color":"","overlay-opacity":"","overlay-gradient":""}},"_glsr_average":0,"_glsr_ranking":0,"_glsr_reviews":0,"footnotes":""},"class_list":["post-183150","page","type-page","status-publish","hentry"],"_links":{"self":[{"href":"https:\/\/smart-conciergerie.fr\/index.php\/wp-json\/wp\/v2\/pages\/183150","targetHints":{"allow":["GET"]}}],"collection":[{"href":"https:\/\/smart-conciergerie.fr\/index.php\/wp-json\/wp\/v2\/pages"}],"about":[{"href":"https:\/\/smart-conciergerie.fr\/index.php\/wp-json\/wp\/v2\/types\/page"}],"author":[{"embeddable":true,"href":"https:\/\/smart-conciergerie.fr\/index.php\/wp-json\/wp\/v2\/users\/1"}],"replies":[{"embeddable":true,"href":"https:\/\/smart-conciergerie.fr\/index.php\/wp-json\/wp\/v2\/comments?post=183150"}],"version-history":[{"count":10,"href":"https:\/\/smart-conciergerie.fr\/index.php\/wp-json\/wp\/v2\/pages\/183150\/revisions"}],"predecessor-version":[{"id":183168,"href":"https:\/\/smart-conciergerie.fr\/index.php\/wp-json\/wp\/v2\/pages\/183150\/revisions\/183168"}],"wp:attachment":[{"href":"https:\/\/smart-conciergerie.fr\/index.php\/wp-json\/wp\/v2\/media?parent=183150"}],"curies":[{"name":"wp","href":"https:\/\/api.w.org\/{rel}","templated":true}]}}