{"id":26,"date":"2022-11-09T20:51:17","date_gmt":"2022-11-09T19:51:17","guid":{"rendered":"https:\/\/smart-conciergerie.fr\/?page_id=26"},"modified":"2022-11-12T23:04:45","modified_gmt":"2022-11-12T22:04:45","slug":"temoignages","status":"publish","type":"page","link":"https:\/\/smart-conciergerie.fr\/index.php\/temoignages\/","title":{"rendered":"T\u00e9moignages"},"content":{"rendered":"\t\t<div data-elementor-type=\"wp-page\" data-elementor-id=\"26\" class=\"elementor elementor-26\">\n\t\t\t\t\t\t<section class=\"elementor-section elementor-top-section elementor-element elementor-element-1fa4e30d elementor-section-height-min-height elementor-section-items-stretch elementor-section-full_width elementor-reverse-tablet elementor-reverse-mobile elementor-section-height-default\" data-id=\"1fa4e30d\" data-element_type=\"section\" data-e-type=\"section\" data-settings=\"{&quot;background_background&quot;:&quot;classic&quot;}\">\n\t\t\t\t\t\t\t<div class=\"elementor-background-overlay\"><\/div>\n\t\t\t\t\t\t\t<div class=\"elementor-container elementor-column-gap-default\">\n\t\t\t\t\t<div class=\"elementor-column elementor-col-50 elementor-top-column elementor-element elementor-element-db25b76\" data-id=\"db25b76\" data-element_type=\"column\" data-e-type=\"column\" data-settings=\"{&quot;background_background&quot;:&quot;classic&quot;}\">\n\t\t\t<div class=\"elementor-widget-wrap elementor-element-populated\">\n\t\t\t\t\t\t<div class=\"elementor-element elementor-element-47c2ba6c elementor-widget elementor-widget-spacer\" data-id=\"47c2ba6c\" data-element_type=\"widget\" data-e-type=\"widget\" data-widget_type=\"spacer.default\">\n\t\t\t\t<div class=\"elementor-widget-container\">\n\t\t\t\t\t\t\t<div class=\"elementor-spacer\">\n\t\t\t<div class=\"elementor-spacer-inner\"><\/div>\n\t\t<\/div>\n\t\t\t\t\t\t<\/div>\n\t\t\t\t<\/div>\n\t\t\t\t\t<\/div>\n\t\t<\/div>\n\t\t\t\t<div class=\"elementor-column elementor-col-50 elementor-top-column elementor-element elementor-element-5366ca0e\" data-id=\"5366ca0e\" data-element_type=\"column\" data-e-type=\"column\" data-settings=\"{&quot;background_background&quot;:&quot;classic&quot;}\">\n\t\t\t<div class=\"elementor-widget-wrap elementor-element-populated\">\n\t\t\t\t\t\t<div class=\"elementor-element elementor-element-0b8d6e4 elementor-button-align-stretch elementor-widget elementor-widget-site_reviews_form\" data-id=\"0b8d6e4\" data-element_type=\"widget\" data-e-type=\"widget\" data-widget_type=\"site_reviews_form.default\">\n\t\t\t\t<div class=\"elementor-widget-container\">\n\t\t\t\t\t<?xml encoding=\"utf-8\"?><div class=\"glsr-elementor-0b8d6e4 elementor-site-reviews-form\"><div class=\"glsr glsr-default\" id=\"glsr_frnc710i\" data-from=\"elementor\" data-shortcode=\"site_reviews_form\"><div class=\"glsr-form-wrap\">\n    <form class=\"glsr-form glsr-review-form\" method=\"post\" enctype=\"multipart\/form-data\">\n        <input type=\"hidden\" name=\"site-reviews[_action]\" value=\"submit-review\">\n<input type=\"hidden\" name=\"site-reviews[_nonce]\" value=\"e98de734d0\">\n<input type=\"hidden\" name=\"site-reviews[_post_id]\" value=\"26\">\n<input type=\"hidden\" name=\"site-reviews[_referer]\" value=\"\">\n<input type=\"hidden\" name=\"site-reviews[assigned_posts]\" value=\"\">\n<input type=\"hidden\" name=\"site-reviews[assigned_terms]\" value=\"\">\n<input type=\"hidden\" name=\"site-reviews[assigned_users]\" value=\"\">\n<input type=\"hidden\" name=\"site-reviews[excluded]\" value=\"\">\n<input type=\"hidden\" name=\"site-reviews[form_id]\" value=\"glsr_frnc710i\">\n<input type=\"hidden\" name=\"site-reviews[form_signature]\" value=\"bIPu1dnU_ohmKvEDxVeFpVDBb5kMpBXnJsu8PIoP5C3lD6_XEilf1Lc3wMLx4AIpsdDbXokI9J2oVDVmoseTsw4jwcdVBstw0ljsBEmguToBSh-S4oj7YDXRv4SLX1n7HpncH8Fsl1-MWxyY7b1J8FqyDxVEf4Q3tLAxt46sIi-xFpCM6UcE2prNcIIh6KEuDKFSvwu5WNA35HfU1uT1h8vu7-y3XNcwXEMqRfrZ8vYyiwl6y6KJIq8WPmOllWhkL0upeDpdcqtPBYI6BsQb-7tMYoFcvLUEiDpzYM-uuCW5L4AEXHV8tIHntqEaBiqiLsJuvErb5C-QhHPMrQuas8DNyTqiM63sL8RsXJZN25J-eDyPm1jjzV3CNudMo8OzPThYnsaYb8S_XwILqzyGnUt3ORaGTZ9upY6IXd6sIPoKMoNWMT5MCW2B\">\n<input type=\"hidden\" name=\"site-reviews[terms_exist]\" value=\"1\">\n<div class=\"glsr-field\" style=\"display:none;\"><label for=\"site-reviews-2092ddc4-glsr_frnc710i\">Votre avis<\/label><input type=\"text\" class=\"glsr-input glsr-input-text\" id=\"site-reviews-2092ddc4-glsr_frnc710i\" name=\"site-reviews[2092ddc4]\" value=\"\"><\/div>\n<div class=\"glsr-field glsr-field-rating glsr-required\" data-field=\"rating\" data-type=\"rating\">\n    <label class=\"glsr-label\" for=\"glsr_frnc710i-rating\">\n    <span>Votre note globale<\/span>\n<\/label>\n    <select class=\"browser-default disable-select glsr-select no-wrap no_wrap\" id=\"glsr_frnc710i-rating\" name=\"site-reviews[rating]\" required><option value=\"\">S&eacute;lectionnez une note<\/option><option value=\"5\">5 &eacute;toiles<\/option><option value=\"4\">4 &eacute;toiles<\/option><option value=\"3\">3 &eacute;toiles<\/option><option value=\"2\">2 &eacute;toiles<\/option><option value=\"1\">1 &eacute;toile<\/option><\/select>\n    <div class=\"glsr-field-error\"><\/div>\n<\/div>\n<div class=\"glsr-field glsr-field-text glsr-required\" data-field=\"title\" data-type=\"text\">\n    <label class=\"glsr-label\" for=\"glsr_frnc710i-title\">\n    <span>Titre de votre avis<\/span>\n<\/label>\n    <input type=\"text\" class=\"glsr-input glsr-input-text\" id=\"glsr_frnc710i-title\" name=\"site-reviews[title]\" required placeholder=\"R&eacute;sumez votre avis ou mettez en &eacute;vidence un d&eacute;tail int&eacute;ressant\" value=\"\">\n    <div class=\"glsr-field-error\"><\/div>\n<\/div>\n<div class=\"glsr-field glsr-field-textarea glsr-required\" data-field=\"content\" data-type=\"textarea\">\n    <label class=\"glsr-label\" for=\"glsr_frnc710i-content\">\n    <span>Votre avis<\/span>\n<\/label>\n    <textarea class=\"glsr-textarea\" id=\"glsr_frnc710i-content\" name=\"site-reviews[content]\" required placeholder=\"Donnez votre avis\" rows=\"5\"><\/textarea>\n    <div class=\"glsr-field-error\"><\/div>\n<\/div>\n<div class=\"glsr-field glsr-field-text glsr-required\" data-field=\"name\" data-type=\"text\">\n    <label class=\"glsr-label\" for=\"glsr_frnc710i-name\">\n    <span>Votre nom<\/span>\n<\/label>\n    <input type=\"text\" class=\"glsr-input glsr-input-text\" id=\"glsr_frnc710i-name\" name=\"site-reviews[name]\" required placeholder=\"Donnez votre nom\" value=\"\">\n    <div class=\"glsr-field-error\"><\/div>\n<\/div>\n<div class=\"glsr-field glsr-field-email glsr-required\" data-field=\"email\" data-type=\"email\">\n    <label class=\"glsr-label\" for=\"glsr_frnc710i-email\">\n    <span>Votre e-mail<\/span>\n<\/label>\n    <input type=\"email\" class=\"glsr-input glsr-input-email\" id=\"glsr_frnc710i-email\" name=\"site-reviews[email]\" required placeholder=\"Donnez votre e-mail\" value=\"\">\n    <div class=\"glsr-field-error\"><\/div>\n<\/div>\n<div class=\"glsr-field glsr-field-choice glsr-required\" data-field=\"terms\" data-type=\"toggle\">\n    \n    <div class=\"glsr-field-subgroup\">\n        <span class=\"glsr-field-toggle\">\n    <span>\n        <span class=\"glsr-toggle\"><input type=\"checkbox\" class=\"glsr-input-toggle\" id=\"glsr_frnc710i-terms-1\" name=\"site-reviews[terms]\" required value=\"1\"><span class=\"glsr-toggle-track\"><\/span><\/span>\n    <\/span>\n    <label for=\"glsr_frnc710i-terms-1\">Cette note est fond&eacute;e sur ma propre exp&eacute;rience et mon v&eacute;ritable avis.<\/label>\n<\/span>\n    <\/div>\n    <div class=\"glsr-field-error\"><\/div>\n<\/div>\n        <div class=\"glsr-form-message\">\n    \n<\/div>\n        <div data-field=\"submit-button\">\n    <div class=\"wp-block-buttons is-layout-flex\">\n        <div class=\"wp-block-button\">\n            <button type=\"submit\" class=\"glsr-button wp-block-button__link wp-element-button\" aria-busy=\"false\" data-loading=\"Submitting, please wait...\">Envoyer un avis<\/button>\n        <\/div>\n    <\/div>\n<\/div>\n    <\/form>\n<\/div><\/div><\/div>\n\t\t\t\t<\/div>\n\t\t\t\t<\/div>\n\t\t\t\t<div class=\"elementor-element elementor-element-697851d elementor-widget elementor-widget-spacer\" data-id=\"697851d\" data-element_type=\"widget\" data-e-type=\"widget\" data-widget_type=\"spacer.default\">\n\t\t\t\t<div class=\"elementor-widget-container\">\n\t\t\t\t\t\t\t<div class=\"elementor-spacer\">\n\t\t\t<div class=\"elementor-spacer-inner\"><\/div>\n\t\t<\/div>\n\t\t\t\t\t\t<\/div>\n\t\t\t\t<\/div>\n\t\t\t\t<div class=\"elementor-element elementor-element-b3bffa1 elementor-widget elementor-widget-heading\" data-id=\"b3bffa1\" data-element_type=\"widget\" data-e-type=\"widget\" data-widget_type=\"heading.default\">\n\t\t\t\t<div class=\"elementor-widget-container\">\n\t\t\t\t\t<h3 class=\"elementor-heading-title elementor-size-default\">Ils ont \u00e9galement fait appel \u00e0 Smart-Conciergerie\n<\/h3>\t\t\t\t<\/div>\n\t\t\t\t<\/div>\n\t\t\t\t<div class=\"elementor-element elementor-element-13ebce9 elementor-widget-divider--view-line elementor-widget elementor-widget-divider\" data-id=\"13ebce9\" data-element_type=\"widget\" data-e-type=\"widget\" data-widget_type=\"divider.default\">\n\t\t\t\t<div class=\"elementor-widget-container\">\n\t\t\t\t\t\t\t<div class=\"elementor-divider\">\n\t\t\t<span class=\"elementor-divider-separator\">\n\t\t\t\t\t\t<\/span>\n\t\t<\/div>\n\t\t\t\t\t\t<\/div>\n\t\t\t\t<\/div>\n\t\t\t\t<div class=\"elementor-element elementor-element-42d38ca has-text-align-left elementor-button-align-stretch elementor-widget elementor-widget-site_reviews\" data-id=\"42d38ca\" data-element_type=\"widget\" data-e-type=\"widget\" data-widget_type=\"site_reviews.default\">\n\t\t\t\t<div class=\"elementor-widget-container\">\n\t\t\t\t\t<?xml encoding=\"utf-8\"?><div class=\"glsr-elementor-42d38ca elementor-site-reviews\"><div class=\"glsr glsr-default\" id=\"glsr_rykcxhcc\" data-from=\"elementor\" data-shortcode=\"site_reviews\" data-display=\"3\" data-pagination=\"ajax\" data-rating=\"4\"><div class=\"glsr-reviews-wrap\">\n    <div class=\"glsr-reviews\">\n        <div class=\"glsr-review\" data-id=\"183598\" data-type=\"local\" id=\"review-183598\" data-assigned=\"[]\">\n    <div class=\"glsr-review-title\"><h4 class=\"glsr-tag-value\">TpizMKPMZyoAecvXTmhcJgz<\/h4><\/div>\n    <div class=\"glsr-review-rating\"><div class=\"glsr-star-rating glsr-stars\" role=\"img\" aria-label=\"Rated 4 out of 5 stars\" data-rating=\"4\" data-reviews=\"0\"><span class=\"glsr-star glsr-star-full\" aria-hidden=\"true\"><\/span><span class=\"glsr-star glsr-star-full\" aria-hidden=\"true\"><\/span><span class=\"glsr-star glsr-star-full\" aria-hidden=\"true\"><\/span><span class=\"glsr-star glsr-star-full\" aria-hidden=\"true\"><\/span><span class=\"glsr-star glsr-star-empty\" aria-hidden=\"true\"><\/span><\/div><\/div> <div class=\"glsr-review-date\"><span class=\"glsr-tag-value\">26 mars 2026<\/span><\/div>\n    \n    <div class=\"glsr-review-content\"><div class=\"glsr-tag-value\" data-expanded=\"false\"><p>VlNAnGveBUjRNlREMqG<\/p><\/div><\/div>\n    \n    <div class=\"glsr-review-author\"><span class=\"glsr-tag-value\">xkwGfBNwriMENRBPTY<\/span><\/div>  \n    \n<\/div>\n<div class=\"glsr-review\" data-id=\"183596\" data-type=\"local\" id=\"review-183596\" data-assigned=\"[]\">\n    <div class=\"glsr-review-title\"><h4 class=\"glsr-tag-value\">DQNLettBeputCWxslZp<\/h4><\/div>\n    <div class=\"glsr-review-rating\"><div class=\"glsr-star-rating glsr-stars\" role=\"img\" aria-label=\"Rated 5 out of 5 stars\" data-rating=\"5\" data-reviews=\"0\"><span class=\"glsr-star glsr-star-full\" aria-hidden=\"true\"><\/span><span class=\"glsr-star glsr-star-full\" aria-hidden=\"true\"><\/span><span class=\"glsr-star glsr-star-full\" aria-hidden=\"true\"><\/span><span class=\"glsr-star glsr-star-full\" aria-hidden=\"true\"><\/span><span class=\"glsr-star glsr-star-full\" aria-hidden=\"true\"><\/span><\/div><\/div> <div class=\"glsr-review-date\"><span class=\"glsr-tag-value\">15 f&eacute;vrier 2026<\/span><\/div>\n    \n    <div class=\"glsr-review-content\"><div class=\"glsr-tag-value\" data-expanded=\"false\"><p>AxjGSWLZEjsAqZVwlZFLSII<\/p><\/div><\/div>\n    \n    <div class=\"glsr-review-author\"><span class=\"glsr-tag-value\">MKXBdyBDZZfeolQuxHBySNC<\/span><\/div>  \n    \n<\/div>\n<div class=\"glsr-review\" data-id=\"183588\" data-type=\"local\" id=\"review-183588\" data-assigned=\"[]\">\n    <div class=\"glsr-review-title\"><h4 class=\"glsr-tag-value\">gElOUUBIyJOzflMooQmRLQ<\/h4><\/div>\n    <div class=\"glsr-review-rating\"><div class=\"glsr-star-rating glsr-stars\" role=\"img\" aria-label=\"Rated 4 out of 5 stars\" data-rating=\"4\" data-reviews=\"0\"><span class=\"glsr-star glsr-star-full\" aria-hidden=\"true\"><\/span><span class=\"glsr-star glsr-star-full\" aria-hidden=\"true\"><\/span><span class=\"glsr-star glsr-star-full\" aria-hidden=\"true\"><\/span><span class=\"glsr-star glsr-star-full\" aria-hidden=\"true\"><\/span><span class=\"glsr-star glsr-star-empty\" aria-hidden=\"true\"><\/span><\/div><\/div> <div class=\"glsr-review-date\"><span class=\"glsr-tag-value\">28 janvier 2026<\/span><\/div>\n    \n    <div class=\"glsr-review-content\"><div class=\"glsr-tag-value\" data-expanded=\"false\"><p>IfhzGxYEbAydRTyt<\/p><\/div><\/div>\n    \n    <div class=\"glsr-review-author\"><span class=\"glsr-tag-value\">LvwTVAdhQGYADCaU<\/span><\/div>  \n    \n<\/div>\n    <\/div>\n    <div class=\"glsr-pagination glsr-ajax-pagination\" data-class=\"glsr glsr-default\" data-display=\"3\" data-id=\"glsr_rykcxhcc\" data-pagination=\"ajax\" data-rating=\"4\"><div class=\"pagination\">\n    <nav class=\"navigation\" role=\"navigation\">\n        <h2 class=\"screen-reader-text\">Navigation Site Reviews<\/h2>\n        <div class=\"nav-links\">\n            <span class=\"page-numbers current\" aria-current=\"page\" data-page=\"1\"><span class=\"meta-nav screen-reader-text\">Page <\/span>1<\/span>\n<a class=\"page-numbers\" data-page=\"2\" href=\"https:\/\/smart-conciergerie.fr\/index.php\/temoignages\/?reviews-page=2\"><span class=\"meta-nav screen-reader-text\">Page <\/span>2<\/a>\n<a class=\"page-numbers\" data-page=\"3\" href=\"https:\/\/smart-conciergerie.fr\/index.php\/temoignages\/?reviews-page=3\"><span class=\"meta-nav screen-reader-text\">Page <\/span>3<\/a>\n<span class=\"page-numbers dots\">...<\/span>\n<a class=\"page-numbers\" data-page=\"5\" href=\"https:\/\/smart-conciergerie.fr\/index.php\/temoignages\/?reviews-page=5\"><span class=\"meta-nav screen-reader-text\">Page <\/span>5<\/a>\n<a class=\"page-numbers next\" data-page=\"2\" href=\"https:\/\/smart-conciergerie.fr\/index.php\/temoignages\/?reviews-page=2\">Suivant<\/a>\n        <\/div>\n    <\/nav>\n<\/div><\/div>\n<\/div><\/div><\/div>\n\t\t\t\t<\/div>\n\t\t\t\t<\/div>\n\t\t\t\t\t<\/div>\n\t\t<\/div>\n\t\t\t\t\t<\/div>\n\t\t<\/section>\n\t\t\t\t<\/div>\n\t\t","protected":false},"excerpt":{"rendered":"<p>Votre avis Votre note globale S\u00e9lectionnez une note5 \u00e9toiles4 \u00e9toiles3 \u00e9toiles2 \u00e9toiles1 \u00e9toile Titre de votre avis Votre avis Votre nom Votre e-mail Cette note est fond\u00e9e sur ma propre exp\u00e9rience et mon v\u00e9ritable avis. &#8203; Soumettre mon avis Ils ont \u00e9galement fait appel \u00e0 Smart-Conciergerie Bon rapport\/qualit\u00e9 prix Not\u00e9 5 sur 5 12 novembre [&hellip;]<\/p>\n","protected":false},"author":1,"featured_media":0,"parent":0,"menu_order":0,"comment_status":"closed","ping_status":"closed","template":"","meta":{"site-sidebar-layout":"no-sidebar","site-content-layout":"page-builder","ast-site-content-layout":"default","site-content-style":"default","site-sidebar-style":"default","ast-global-header-display":"","ast-banner-title-visibility":"","ast-main-header-display":"","ast-hfb-above-header-display":"","ast-hfb-below-header-display":"","ast-hfb-mobile-header-display":"","site-post-title":"disabled","ast-breadcrumbs-content":"","ast-featured-img":"disabled","footer-sml-layout":"","ast-disable-related-posts":"","theme-transparent-header-meta":"","adv-header-id-meta":"","stick-header-meta":"","header-above-stick-meta":"","header-main-stick-meta":"","header-below-stick-meta":"","astra-migrate-meta-layouts":"default","ast-page-background-enabled":"default","ast-page-background-meta":{"desktop":{"background-color":"var(--ast-global-color-4)","background-image":"","background-repeat":"repeat","background-position":"center center","background-size":"auto","background-attachment":"scroll","background-type":"","background-media":"","overlay-type":"","overlay-color":"","overlay-opacity":"","overlay-gradient":""},"tablet":{"background-color":"","background-image":"","background-repeat":"repeat","background-position":"center center","background-size":"auto","background-attachment":"scroll","background-type":"","background-media":"","overlay-type":"","overlay-color":"","overlay-opacity":"","overlay-gradient":""},"mobile":{"background-color":"","background-image":"","background-repeat":"repeat","background-position":"center center","background-size":"auto","background-attachment":"scroll","background-type":"","background-media":"","overlay-type":"","overlay-color":"","overlay-opacity":"","overlay-gradient":""}},"ast-content-background-meta":{"desktop":{"background-color":"var(--ast-global-color-5)","background-image":"","background-repeat":"repeat","background-position":"center center","background-size":"auto","background-attachment":"scroll","background-type":"","background-media":"","overlay-type":"","overlay-color":"","overlay-opacity":"","overlay-gradient":""},"tablet":{"background-color":"var(--ast-global-color-5)","background-image":"","background-repeat":"repeat","background-position":"center center","background-size":"auto","background-attachment":"scroll","background-type":"","background-media":"","overlay-type":"","overlay-color":"","overlay-opacity":"","overlay-gradient":""},"mobile":{"background-color":"var(--ast-global-color-5)","background-image":"","background-repeat":"repeat","background-position":"center center","background-size":"auto","background-attachment":"scroll","background-type":"","background-media":"","overlay-type":"","overlay-color":"","overlay-opacity":"","overlay-gradient":""}},"_glsr_average":0,"_glsr_ranking":0,"_glsr_reviews":0,"footnotes":""},"class_list":["post-26","page","type-page","status-publish","hentry"],"_links":{"self":[{"href":"https:\/\/smart-conciergerie.fr\/index.php\/wp-json\/wp\/v2\/pages\/26","targetHints":{"allow":["GET"]}}],"collection":[{"href":"https:\/\/smart-conciergerie.fr\/index.php\/wp-json\/wp\/v2\/pages"}],"about":[{"href":"https:\/\/smart-conciergerie.fr\/index.php\/wp-json\/wp\/v2\/types\/page"}],"author":[{"embeddable":true,"href":"https:\/\/smart-conciergerie.fr\/index.php\/wp-json\/wp\/v2\/users\/1"}],"replies":[{"embeddable":true,"href":"https:\/\/smart-conciergerie.fr\/index.php\/wp-json\/wp\/v2\/comments?post=26"}],"version-history":[{"count":28,"href":"https:\/\/smart-conciergerie.fr\/index.php\/wp-json\/wp\/v2\/pages\/26\/revisions"}],"predecessor-version":[{"id":831,"href":"https:\/\/smart-conciergerie.fr\/index.php\/wp-json\/wp\/v2\/pages\/26\/revisions\/831"}],"wp:attachment":[{"href":"https:\/\/smart-conciergerie.fr\/index.php\/wp-json\/wp\/v2\/media?parent=26"}],"curies":[{"name":"wp","href":"https:\/\/api.w.org\/{rel}","templated":true}]}}